{"id":40,"date":"2017-01-18T11:56:48","date_gmt":"2017-01-18T13:56:48","guid":{"rendered":"http:\/\/celbti.com\/wp\/?page_id=40"},"modified":"2017-02-07T18:58:29","modified_gmt":"2017-02-07T20:58:29","slug":"sobre","status":"publish","type":"page","link":"https:\/\/www.celbti.com\/zz_site_novo\/sobre","title":{"rendered":"Sobre"},"content":{"rendered":"<div id=\"pl-40\"  class=\"panel-layout\" ><div id=\"pg-40-0\"  class=\"panel-grid panel-no-style\" ><div id=\"pgc-40-0-0\"  class=\"panel-grid-cell\" ><div id=\"panel-40-0-0-0\" class=\"so-panel widget widget_sow-editor panel-first-child\" data-index=\"0\" ><div\n\t\t\t\n\t\t\tclass=\"so-widget-sow-editor so-widget-sow-editor-base\"\n\t\t\t\n\t\t><h3 class=\"widget-title\">Breve resumo<\/h3>\n<div class=\"siteorigin-widget-tinymce textwidget\">\n\t<p>Empresa especializada no desenvolvimento de Aplicativos para dispositivos m\u00f3veis, Websites, Softwares, Sistemas completos &amp; integrados e Consultoria TI &amp; Gest\u00e3o.<\/p>\n<blockquote>\n<p>Qualidade, Agilidade e Objetividade!<\/p>\n<\/blockquote>\n<p>Fundada em 2011, a empresa destacou-se nos \u00faltimos anos pelo\u00a0desenvolvimento\u00a0projetos complexos,\u00a0que tiveram bastante repercuss\u00e3o na cidade de Novo Hamburgo-RS e regi\u00e3o.\u00a0O <em>slogan<\/em> da empresa <strong>\"Medir, Controlar, Gerir, Inovar...\"<\/strong>, \u00e9 inspirado nas boas pr\u00e1ticas de gest\u00e3o de projetos e servi\u00e7os (PMBOK e ITIL), e s\u00e3o pilares fundamentais sobre nossa maneira de pensar.<\/p>\n<h2>Miss\u00e3o<\/h2>\n<p>Oferecer produtos e servi\u00e7os de software com qualidade e de alto valor agregado\u00a0para seus clientes e parceiros.<\/p>\n<p>Trabalhar no desenvolvimento de softwares utilizando as melhores\u00a0pr\u00e1ticas e conhecimentos da \u00e1rea, acompanhando a evolu\u00e7\u00e3o\u00a0da tecnologia.<\/p>\n<p>Oferecer consultoria e treinamentos de qualidade, com\u00a0experi\u00eancia\u00a0e\u00a0conte\u00fado relevantes,\u00a0focando\u00a0em aprendizagem e resultados.<\/p>\n<h2>Vis\u00e3o<\/h2>\n<p>Tornar-se refer\u00eancia em tecnologia, produtos e servi\u00e7os de software na regi\u00e3o em que atuamos, destacando-se tamb\u00e9m no\u00a0fomento da cultura de inova\u00e7\u00e3o.<\/p>\n<h2>Valores<\/h2>\n<p>\u00c9tica, sigilo e confian\u00e7a.<\/p>\n<p>Foco nas pessoas, suas qualidades e potenciais.\u00a0Pessoas fazem a diferen\u00e7a.<\/p>\n<p>Qualidade, Agilidade e Objetividade.<\/p>\n<\/div>\n<\/div><\/div><div id=\"panel-40-0-0-1\" class=\"so-panel widget widget_sow-image-grid panel-last-child\" data-index=\"1\" ><div\n\t\t\t\n\t\t\tclass=\"so-widget-sow-image-grid so-widget-sow-image-grid-default-3fbf13dff59f-40\"\n\t\t\t\n\t\t>\t<div\n\t\tclass=\"sow-image-grid-wrapper\"\n\t\t\t\t\t>\n\t\t\t\t\t<div class=\"sow-image-grid-image\">\n\t\t\t\t\t\t\t\t\t\t\t\t<img loading=\"lazy\" decoding=\"async\" width=\"2000\" height=\"1500\" src=\"https:\/\/www.celbti.com\/zz_site_novo\/wp-content\/uploads\/2017\/02\/empresa-trabalho.png\" class=\"sow-image-grid-image_html\" alt=\"\" title=\"Sala de trabalho\" srcset=\"https:\/\/www.celbti.com\/zz_site_novo\/wp-content\/uploads\/2017\/02\/empresa-trabalho.png 2000w, https:\/\/www.celbti.com\/zz_site_novo\/wp-content\/uploads\/2017\/02\/empresa-trabalho-300x225.png 300w, https:\/\/www.celbti.com\/zz_site_novo\/wp-content\/uploads\/2017\/02\/empresa-trabalho-768x576.png 768w, https:\/\/www.celbti.com\/zz_site_novo\/wp-content\/uploads\/2017\/02\/empresa-trabalho-1024x768.png 1024w\" sizes=\"auto, (max-width: 2000px) 100vw, 2000px\" \/>\t\t\t\t\t\t\t\t\t\t\t<\/div>\n\t\t\t\t\t<div class=\"sow-image-grid-image\">\n\t\t\t\t\t\t\t\t\t\t\t\t<img loading=\"lazy\" decoding=\"async\" width=\"2000\" height=\"1500\" src=\"https:\/\/www.celbti.com\/zz_site_novo\/wp-content\/uploads\/2017\/02\/empresa-salareuniao.jpg\" class=\"sow-image-grid-image_html\" alt=\"\" title=\"Sala de reuni\u00e3o\" srcset=\"https:\/\/www.celbti.com\/zz_site_novo\/wp-content\/uploads\/2017\/02\/empresa-salareuniao.jpg 2000w, https:\/\/www.celbti.com\/zz_site_novo\/wp-content\/uploads\/2017\/02\/empresa-salareuniao-300x225.jpg 300w, https:\/\/www.celbti.com\/zz_site_novo\/wp-content\/uploads\/2017\/02\/empresa-salareuniao-768x576.jpg 768w, https:\/\/www.celbti.com\/zz_site_novo\/wp-content\/uploads\/2017\/02\/empresa-salareuniao-1024x768.jpg 1024w\" sizes=\"auto, (max-width: 2000px) 100vw, 2000px\" \/>\t\t\t\t\t\t\t\t\t\t\t<\/div>\n\t\t\t\t\t<div class=\"sow-image-grid-image\">\n\t\t\t\t\t\t\t\t\t\t\t\t<img loading=\"lazy\" decoding=\"async\" width=\"2000\" height=\"1500\" src=\"https:\/\/www.celbti.com\/zz_site_novo\/wp-content\/uploads\/2017\/02\/empresa-aviao.png\" class=\"sow-image-grid-image_html\" alt=\"\" title=\"Sala de reuni\u00e3o - avi\u00e3o\" srcset=\"https:\/\/www.celbti.com\/zz_site_novo\/wp-content\/uploads\/2017\/02\/empresa-aviao.png 2000w, https:\/\/www.celbti.com\/zz_site_novo\/wp-content\/uploads\/2017\/02\/empresa-aviao-300x225.png 300w, https:\/\/www.celbti.com\/zz_site_novo\/wp-content\/uploads\/2017\/02\/empresa-aviao-768x576.png 768w, https:\/\/www.celbti.com\/zz_site_novo\/wp-content\/uploads\/2017\/02\/empresa-aviao-1024x768.png 1024w\" sizes=\"auto, (max-width: 2000px) 100vw, 2000px\" \/>\t\t\t\t\t\t\t\t\t\t\t<\/div>\n\t\t\t<\/div>\n<\/div><\/div><\/div><\/div><\/div>","protected":false},"excerpt":{"rendered":"<p>Empresa especializada no desenvolvimento de Aplicativos para dispositivos m\u00f3veis, Websites, Softwares, Sistemas completos &amp; integrados e Consultoria TI &amp; Gest\u00e3o.Qualidade, Agilidade e Objetividade!Fundada em 2011, a empresa destacou-se nos \u00faltimos anos pelo\u00a0desenvolvimento\u00a0projetos complexos,\u00a0que tiveram bastante repercuss\u00e3o na cidade de Novo Hamburgo-RS e regi\u00e3o.\u00a0O slogan da empresa &#8220;Medir, Controlar, Gerir, Inovar&#8230;&#8221;, \u00e9 inspirado nas boas pr\u00e1ticas [&hellip;]<\/p>\n","protected":false},"author":1,"featured_media":266,"parent":0,"menu_order":0,"comment_status":"closed","ping_status":"closed","template":"","meta":{"footnotes":""},"class_list":["post-40","page","type-page","status-publish","has-post-thumbnail","hentry"],"_links":{"self":[{"href":"https:\/\/www.celbti.com\/zz_site_novo\/wp-json\/wp\/v2\/pages\/40","targetHints":{"allow":["GET"]}}],"collection":[{"href":"https:\/\/www.celbti.com\/zz_site_novo\/wp-json\/wp\/v2\/pages"}],"about":[{"href":"https:\/\/www.celbti.com\/zz_site_novo\/wp-json\/wp\/v2\/types\/page"}],"author":[{"embeddable":true,"href":"https:\/\/www.celbti.com\/zz_site_novo\/wp-json\/wp\/v2\/users\/1"}],"replies":[{"embeddable":true,"href":"https:\/\/www.celbti.com\/zz_site_novo\/wp-json\/wp\/v2\/comments?post=40"}],"version-history":[{"count":12,"href":"https:\/\/www.celbti.com\/zz_site_novo\/wp-json\/wp\/v2\/pages\/40\/revisions"}],"predecessor-version":[{"id":310,"href":"https:\/\/www.celbti.com\/zz_site_novo\/wp-json\/wp\/v2\/pages\/40\/revisions\/310"}],"wp:featuredmedia":[{"embeddable":true,"href":"https:\/\/www.celbti.com\/zz_site_novo\/wp-json\/wp\/v2\/media\/266"}],"wp:attachment":[{"href":"https:\/\/www.celbti.com\/zz_site_novo\/wp-json\/wp\/v2\/media?parent=40"}],"curies":[{"name":"wp","href":"https:\/\/api.w.org\/{rel}","templated":true}]}}