{"id":322,"date":"2017-02-13T10:17:41","date_gmt":"2017-02-13T12:17:41","guid":{"rendered":"http:\/\/www.celbti.com\/site\/?page_id=322"},"modified":"2021-02-22T15:51:32","modified_gmt":"2021-02-22T18:51:32","slug":"politica-de-privacidade","status":"publish","type":"page","link":"https:\/\/www.celbti.com\/zz_site_novo\/politica-de-privacidade","title":{"rendered":"Pol\u00edtica de Privacidade"},"content":{"rendered":"<div id=\"pl-322\"  class=\"panel-layout\" ><div id=\"pg-322-0\"  class=\"panel-grid panel-no-style\" ><div id=\"pgc-322-0-0\"  class=\"panel-grid-cell\" ><div id=\"panel-322-0-0-0\" class=\"so-panel widget widget_sow-editor panel-first-child\" data-index=\"0\" ><div\n\t\t\t\n\t\t\tclass=\"so-widget-sow-editor so-widget-sow-editor-base\"\n\t\t\t\n\t\t><h3 class=\"widget-title\">Condi\u00e7\u00f5es Gerais<\/h3>\n<div class=\"siteorigin-widget-tinymce textwidget\">\n\t<p>A<strong> CELB Tecnologia da Informa\u00e7\u00e3o Ltda. (CELBTI)<\/strong> n\u00e3o ir\u00e1 apresentar, comercializar ou disponibilizar para outros usu\u00e1rios e empresas, dados de seus clientes que estejam contidos nos seus produtos, salvo com autoriza\u00e7\u00e3o expressa, autorizada e justificada para tal (ex. integra\u00e7\u00e3o entre parceiros ou sistemas de Gest\u00e3o).<\/p>\n<p>A <strong>CELBTI<\/strong>\u00a0d\u00e1-se a liberdade por\u00e9m, de acessar os dados do cliente para realizar atendimentos de suporte, consultoria, desenvolvimento de melhorias e relacionados \u00e0 este fim. Entende-se ent\u00e3o que colaboradores diretos ou indiretos, expressamente ligados com a <strong>CELBTI<\/strong> para os fins citados acima, poder\u00e3o ter acesso aos dados do cliente. <span style=\"font-size: 1rem;\">A <strong>CELBTI<\/strong> d\u00e1-se a liberdade tamb\u00e9m de extrair m\u00e9tricas de usabilidade do usu\u00e1rio de dados n\u00e3o sens\u00edveis, visando realizar a melhoria cont\u00ednua nos seus produtos.<\/span><\/p>\n<p>Estas regras se aplicam para todos os produtos de software da empresa,\u00a0em excess\u00e3o de produtos que contenham pol\u00edticas de privacidade pr\u00f3prias.\u00a0Toda e qualquer informa\u00e7\u00e3o desta <strong>Pol\u00edtica de Privacidade<\/strong> poder\u00e1 ser alterada, a qualquer momento, pela\u00a0<strong>CELB Tecnologia da Informa\u00e7\u00e3o Ltda.<\/strong>, com um aviso pr\u00e9vio de 30 dias sendo enviado por e-mail para os respons\u00e1veis das contas. Caso ocorra continuidade de uso ap\u00f3s os 30 dias, compreende-se concord\u00e2ncia com os novos termos desta pol\u00edtica.<\/p>\n<h2>Contato<\/h2>\n<p>Conforme LGPD (Lei Geral de Prote\u00e7\u00e3o de Dados - LEI N\u00ba 13.709, DE 14 DE AGOSTO DE 2018), segue dados de contato e d\u00favidas sobre termos de uso e pol\u00edtica de privacidade.<br \/>\nRespons\u00e1vel pela gest\u00e3o dos dados: Carlos Eduardo Liedtke Borges.<br \/>\nContato: <a href=\"mailto:lgpd@celbti.com\">lgpd@celbti.com<\/a><\/p>\n<\/div>\n<\/div><\/div><div id=\"panel-322-0-0-1\" class=\"so-panel widget widget_sow-cta panel-last-child\" data-index=\"1\" ><div\n\t\t\t\n\t\t\tclass=\"so-widget-sow-cta so-widget-sow-cta-default-d14a8d7b8425-322\"\n\t\t\t\n\t\t><div\n\tclass=\"sow-cta-base\"\n\t>\n\t\n\t<div class=\"sow-cta-wrapper\">\n\n\t\t<div class=\"sow-cta-text\">\n\t\t\t\t\t\t\t<h4 class=\"sow-cta-title\">\n\t\t\t\t\tD\u00favidas\t\t\t\t<\/h4>\n\t\t\t\n\t\t\t\t\t\t\t<h4 class=\"sow-cta-subtitle\">\n\t\t\t\t\tEntre em contato conosco\t\t\t\t<\/h4>\n\t\t\t\t\t<\/div>\n\n\t\t<div\n\t\t\t\n\t\t\tclass=\"so-widget-sow-button so-widget-sow-button-atom-857739567c6a\"\n\t\t\t\n\t\t><div class=\"ow-button-base ow-button-align-center\"\n>\n\t\t\t<a\n\t\t\t\t\thref=\"https:\/\/www.celbti.com\/zz_site_novo\/contato\"\n\t\t\t\t\tclass=\"sowb-button ow-icon-placement-left ow-button-hover\" \t>\n\t\t<span>\n\t\t\t<span class=\"sow-icon-fontawesome sow-fas\" data-sow-icon=\"&#xf095;\"\n\t\tstyle=\"\" \n\t\taria-hidden=\"true\"><\/span>\n\t\t\tContato\t\t<\/span>\n\t\t\t<\/a>\n\t<\/div>\n<\/div>\n\t<\/div>\n\n\t<\/div>\n<\/div><\/div><\/div><\/div><\/div>","protected":false},"excerpt":{"rendered":"<p>A CELB Tecnologia da Informa\u00e7\u00e3o Ltda. (CELBTI) n\u00e3o ir\u00e1 apresentar, comercializar ou disponibilizar para outros usu\u00e1rios e empresas, dados de seus clientes que estejam contidos nos seus produtos, salvo com autoriza\u00e7\u00e3o expressa, autorizada e justificada para tal (ex. integra\u00e7\u00e3o entre parceiros ou sistemas de Gest\u00e3o). A CELBTI\u00a0d\u00e1-se a liberdade por\u00e9m, de acessar os dados do [&hellip;]<\/p>\n","protected":false},"author":1,"featured_media":0,"parent":0,"menu_order":0,"comment_status":"closed","ping_status":"closed","template":"","meta":{"footnotes":""},"class_list":["post-322","page","type-page","status-publish","hentry"],"_links":{"self":[{"href":"https:\/\/www.celbti.com\/zz_site_novo\/wp-json\/wp\/v2\/pages\/322","targetHints":{"allow":["GET"]}}],"collection":[{"href":"https:\/\/www.celbti.com\/zz_site_novo\/wp-json\/wp\/v2\/pages"}],"about":[{"href":"https:\/\/www.celbti.com\/zz_site_novo\/wp-json\/wp\/v2\/types\/page"}],"author":[{"embeddable":true,"href":"https:\/\/www.celbti.com\/zz_site_novo\/wp-json\/wp\/v2\/users\/1"}],"replies":[{"embeddable":true,"href":"https:\/\/www.celbti.com\/zz_site_novo\/wp-json\/wp\/v2\/comments?post=322"}],"version-history":[{"count":8,"href":"https:\/\/www.celbti.com\/zz_site_novo\/wp-json\/wp\/v2\/pages\/322\/revisions"}],"predecessor-version":[{"id":656,"href":"https:\/\/www.celbti.com\/zz_site_novo\/wp-json\/wp\/v2\/pages\/322\/revisions\/656"}],"wp:attachment":[{"href":"https:\/\/www.celbti.com\/zz_site_novo\/wp-json\/wp\/v2\/media?parent=322"}],"curies":[{"name":"wp","href":"https:\/\/api.w.org\/{rel}","templated":true}]}}